{"id":11,"date":"2024-08-30T20:19:58","date_gmt":"2024-08-30T20:19:58","guid":{"rendered":"https:\/\/bodio.de\/?page_id=11"},"modified":"2024-09-25T13:27:55","modified_gmt":"2024-09-25T13:27:55","slug":"about","status":"publish","type":"page","link":"https:\/\/bodio.de\/?page_id=11","title":{"rendered":"About"},"content":{"rendered":"\t\t<div data-elementor-type=\"wp-page\" data-elementor-id=\"11\" class=\"elementor elementor-11\" data-elementor-post-type=\"page\">\n\t\t\t\t<div class=\"elementor-element elementor-element-58e9efb e-flex e-con-boxed e-con e-parent\" data-id=\"58e9efb\" data-element_type=\"container\">\n\t\t\t\t\t<div class=\"e-con-inner\">\n\t\t\t\t<div class=\"elementor-element elementor-element-b1d0cde elementor-widget elementor-widget-heading\" data-id=\"b1d0cde\" data-element_type=\"widget\" data-widget_type=\"heading.default\">\n\t\t\t\t<div class=\"elementor-widget-container\">\n\t\t\t\t\t<h2 class=\"elementor-heading-title elementor-size-default\">\u00dcber mich und meinen Stil<\/h2>\t\t\t\t<\/div>\n\t\t\t\t<\/div>\n\t\t\t\t<div class=\"elementor-element elementor-element-1645031 elementor-absolute elementor-hidden-tablet elementor-hidden-mobile elementor-widget elementor-widget-image\" data-id=\"1645031\" data-element_type=\"widget\" data-settings=\"{&quot;_position&quot;:&quot;absolute&quot;}\" data-widget_type=\"image.default\">\n\t\t\t\t<div class=\"elementor-widget-container\">\n\t\t\t\t\t\t\t\t\t\t\t\t\t\t\t<img fetchpriority=\"high\" decoding=\"async\" width=\"184\" height=\"300\" src=\"https:\/\/bodio.de\/wp-content\/uploads\/2024\/08\/Asset-30-300x490-1-184x300.png\" class=\"attachment-medium size-medium wp-image-139\" alt=\"\" srcset=\"https:\/\/bodio.de\/wp-content\/uploads\/2024\/08\/Asset-30-300x490-1-184x300.png 184w, https:\/\/bodio.de\/wp-content\/uploads\/2024\/08\/Asset-30-300x490-1.png 300w\" sizes=\"(max-width: 184px) 100vw, 184px\" \/>\t\t\t\t\t\t\t\t\t\t\t\t\t\t\t<\/div>\n\t\t\t\t<\/div>\n\t\t\t\t<div class=\"elementor-element elementor-element-607d7f1 elementor-widget__width-initial elementor-widget-mobile__width-initial elementor-widget elementor-widget-text-editor\" data-id=\"607d7f1\" data-element_type=\"widget\" data-widget_type=\"text-editor.default\">\n\t\t\t\t<div class=\"elementor-widget-container\">\n\t\t\t\t\t\t\t\t\t<p><strong>Hallo und herzlich Willkommen!<\/strong><\/p><p>Ich bin Sandro Bodio und seit fast drei\u00dfig Jahren in der Welt der Fotografie zuhause. Mein Weg begann mit einer Ausbildung zum Werbefotografen, bei der ich das Handwerk von der Pike auf lernte. \u00dcber die Jahre habe ich mich stetig weiterentwickelt und mein Wissen durch das Studium der digitalen Medien vertieft. Vor zwei Jahren konnte ich dann meinen Master in Crossmedialer Kommunikation abschlie\u00dfen, der mir einen noch breiteren Blickwinkel auf die visuelle Gestaltung und den Einsatz moderner Medien erm\u00f6glichte.<\/p><p>F\u00fcr mich ist die Fotografie viel mehr als nur ein Beruf \u2013 es ist meine Leidenschaft. Besonders viel Freude bereitet es mir, Hochzeitspaare, Paare, Kinder, Schwangere und Neugeborene auf ihrer Reise durchs Leben zu begleiten und die sch\u00f6nsten und wichtigsten Momente f\u00fcr die Ewigkeit festzuhalten. Diese Arbeit erf\u00fcllt mich mit gro\u00dfer Freude und ich sch\u00e4tze es sehr, Menschen durch ihre emotionalen und wichtigen Lebensphasen begleiten zu d\u00fcrfen.<\/p><p>Da ich die Fotografie nebenberuflich betreibe, kann ich mit viel Hingabe und ohne Zeitdruck an jedem Projekt arbeiten. Dabei ist es mir wichtig, dass sich meine Kunden wohlf\u00fchlen und authentische, nat\u00fcrliche Bilder entstehen, die ihre Pers\u00f6nlichkeit und Gef\u00fchle widerspiegeln.<\/p><p>Ich freue mich darauf, Ihre besonderen Momente in wundervollen Bildern festzuhalten!<\/p>\t\t\t\t\t\t\t\t<\/div>\n\t\t\t\t<\/div>\n\t\t\t\t\t<\/div>\n\t\t\t\t<\/div>\n\t\t<div class=\"elementor-element elementor-element-13caf14 e-flex e-con-boxed e-con e-parent\" data-id=\"13caf14\" data-element_type=\"container\">\n\t\t\t\t\t<div class=\"e-con-inner\">\n\t\t<div class=\"elementor-element elementor-element-05328e1 e-con-full e-flex e-con e-child\" data-id=\"05328e1\" data-element_type=\"container\">\n\t\t\t\t<div class=\"elementor-element elementor-element-e5d2fde elementor-widget elementor-widget-image\" data-id=\"e5d2fde\" data-element_type=\"widget\" data-widget_type=\"image.default\">\n\t\t\t\t<div class=\"elementor-widget-container\">\n\t\t\t\t\t\t\t\t\t\t\t\t\t\t\t<img decoding=\"async\" width=\"2048\" height=\"1536\" src=\"https:\/\/bodio.de\/wp-content\/uploads\/2024\/08\/Sandro-Bodio.jpg\" class=\"attachment-full size-full wp-image-292\" alt=\"\" srcset=\"https:\/\/bodio.de\/wp-content\/uploads\/2024\/08\/Sandro-Bodio.jpg 2048w, https:\/\/bodio.de\/wp-content\/uploads\/2024\/08\/Sandro-Bodio-300x225.jpg 300w, https:\/\/bodio.de\/wp-content\/uploads\/2024\/08\/Sandro-Bodio-1024x768.jpg 1024w, https:\/\/bodio.de\/wp-content\/uploads\/2024\/08\/Sandro-Bodio-768x576.jpg 768w, https:\/\/bodio.de\/wp-content\/uploads\/2024\/08\/Sandro-Bodio-1536x1152.jpg 1536w\" sizes=\"(max-width: 2048px) 100vw, 2048px\" \/>\t\t\t\t\t\t\t\t\t\t\t\t\t\t\t<\/div>\n\t\t\t\t<\/div>\n\t\t\t\t<\/div>\n\t\t<div class=\"elementor-element elementor-element-02a599c e-con-full e-flex e-con e-child\" data-id=\"02a599c\" data-element_type=\"container\">\n\t\t\t\t<div class=\"elementor-element elementor-element-54e3116 elementor-widget elementor-widget-image\" data-id=\"54e3116\" data-element_type=\"widget\" data-widget_type=\"image.default\">\n\t\t\t\t<div class=\"elementor-widget-container\">\n\t\t\t\t\t\t\t\t\t\t\t\t\t\t\t<img decoding=\"async\" width=\"150\" height=\"150\" src=\"https:\/\/bodio.de\/wp-content\/uploads\/2024\/08\/12-1-150x150.png\" class=\"attachment-thumbnail size-thumbnail wp-image-150\" alt=\"\" srcset=\"https:\/\/bodio.de\/wp-content\/uploads\/2024\/08\/12-1-150x150.png 150w, https:\/\/bodio.de\/wp-content\/uploads\/2024\/08\/12-1-300x300.png 300w, https:\/\/bodio.de\/wp-content\/uploads\/2024\/08\/12-1-1024x1024.png 1024w, https:\/\/bodio.de\/wp-content\/uploads\/2024\/08\/12-1-768x768.png 768w, https:\/\/bodio.de\/wp-content\/uploads\/2024\/08\/12-1-1536x1536.png 1536w, https:\/\/bodio.de\/wp-content\/uploads\/2024\/08\/12-1-2048x2048.png 2048w\" sizes=\"(max-width: 150px) 100vw, 150px\" \/>\t\t\t\t\t\t\t\t\t\t\t\t\t\t\t<\/div>\n\t\t\t\t<\/div>\n\t\t\t\t<div class=\"elementor-element elementor-element-7057b84 elementor-widget__width-initial elementor-widget elementor-widget-heading\" data-id=\"7057b84\" data-element_type=\"widget\" data-widget_type=\"heading.default\">\n\t\t\t\t<div class=\"elementor-widget-container\">\n\t\t\t\t\t<h2 class=\"elementor-heading-title elementor-size-default\">MEHR ALS 25 JAHRE ERFAHRUNG \u2013\n\u00dcBER 100 HOCHZEITEN FESTGEHALTEN<\/h2>\t\t\t\t<\/div>\n\t\t\t\t<\/div>\n\t\t\t\t<div class=\"elementor-element elementor-element-1a59f50 elementor-align-center elementor-widget elementor-widget-button\" data-id=\"1a59f50\" data-element_type=\"widget\" data-widget_type=\"button.default\">\n\t\t\t\t<div class=\"elementor-widget-container\">\n\t\t\t\t\t\t\t\t\t<div class=\"elementor-button-wrapper\">\n\t\t\t\t\t<a class=\"elementor-button elementor-button-link elementor-size-sm\" href=\"https:\/\/bodio.de\/?page_id=15\">\n\t\t\t\t\t\t<span class=\"elementor-button-content-wrapper\">\n\t\t\t\t\t\t\t\t\t<span class=\"elementor-button-text\">GET IN TOUCH<\/span>\n\t\t\t\t\t<\/span>\n\t\t\t\t\t<\/a>\n\t\t\t\t<\/div>\n\t\t\t\t\t\t\t\t<\/div>\n\t\t\t\t<\/div>\n\t\t\t\t<\/div>\n\t\t\t\t\t<\/div>\n\t\t\t\t<\/div>\n\t\t\t\t<\/div>\n\t\t","protected":false},"excerpt":{"rendered":"<p>\u00dcber mich und meinen Stil Hallo und herzlich Willkommen! Ich bin Sandro Bodio und seit fast drei\u00dfig Jahren in der [&hellip;]<\/p>\n","protected":false},"author":1,"featured_media":0,"parent":0,"menu_order":0,"comment_status":"closed","ping_status":"closed","template":"","meta":{"site-sidebar-layout":"no-sidebar","site-content-layout":"","ast-site-content-layout":"full-width-container","site-content-style":"default","site-sidebar-style":"default","ast-global-header-display":"","ast-banner-title-visibility":"","ast-main-header-display":"","ast-hfb-above-header-display":"","ast-hfb-below-header-display":"","ast-hfb-mobile-header-display":"","site-post-title":"disabled","ast-breadcrumbs-content":"","ast-featured-img":"disabled","footer-sml-layout":"","theme-transparent-header-meta":"","adv-header-id-meta":"","stick-header-meta":"","header-above-stick-meta":"","header-main-stick-meta":"","header-below-stick-meta":"","astra-migrate-meta-layouts":"default","ast-page-background-enabled":"default","ast-page-background-meta":{"desktop":{"background-color":"var(--ast-global-color-4)","background-image":"","background-repeat":"repeat","background-position":"center center","background-size":"auto","background-attachment":"scroll","background-type":"","background-media":"","overlay-type":"","overlay-color":"","overlay-opacity":"","overlay-gradient":""},"tablet":{"background-color":"","background-image":"","background-repeat":"repeat","background-position":"center center","background-size":"auto","background-attachment":"scroll","background-type":"","background-media":"","overlay-type":"","overlay-color":"","overlay-opacity":"","overlay-gradient":""},"mobile":{"background-color":"","background-image":"","background-repeat":"repeat","background-position":"center center","background-size":"auto","background-attachment":"scroll","background-type":"","background-media":"","overlay-type":"","overlay-color":"","overlay-opacity":"","overlay-gradient":""}},"ast-content-background-meta":{"desktop":{"background-color":"var(--ast-global-color-5)","background-image":"","background-repeat":"repeat","background-position":"center center","background-size":"auto","background-attachment":"scroll","background-type":"","background-media":"","overlay-type":"","overlay-color":"","overlay-opacity":"","overlay-gradient":""},"tablet":{"background-color":"var(--ast-global-color-5)","background-image":"","background-repeat":"repeat","background-position":"center center","background-size":"auto","background-attachment":"scroll","background-type":"","background-media":"","overlay-type":"","overlay-color":"","overlay-opacity":"","overlay-gradient":""},"mobile":{"background-color":"var(--ast-global-color-5)","background-image":"","background-repeat":"repeat","background-position":"center center","background-size":"auto","background-attachment":"scroll","background-type":"","background-media":"","overlay-type":"","overlay-color":"","overlay-opacity":"","overlay-gradient":""}},"_themeisle_gutenberg_block_has_review":false,"footnotes":""},"class_list":["post-11","page","type-page","status-publish","hentry"],"_links":{"self":[{"href":"https:\/\/bodio.de\/index.php?rest_route=\/wp\/v2\/pages\/11","targetHints":{"allow":["GET"]}}],"collection":[{"href":"https:\/\/bodio.de\/index.php?rest_route=\/wp\/v2\/pages"}],"about":[{"href":"https:\/\/bodio.de\/index.php?rest_route=\/wp\/v2\/types\/page"}],"author":[{"embeddable":true,"href":"https:\/\/bodio.de\/index.php?rest_route=\/wp\/v2\/users\/1"}],"replies":[{"embeddable":true,"href":"https:\/\/bodio.de\/index.php?rest_route=%2Fwp%2Fv2%2Fcomments&post=11"}],"version-history":[{"count":70,"href":"https:\/\/bodio.de\/index.php?rest_route=\/wp\/v2\/pages\/11\/revisions"}],"predecessor-version":[{"id":1082,"href":"https:\/\/bodio.de\/index.php?rest_route=\/wp\/v2\/pages\/11\/revisions\/1082"}],"wp:attachment":[{"href":"https:\/\/bodio.de\/index.php?rest_route=%2Fwp%2Fv2%2Fmedia&parent=11"}],"curies":[{"name":"wp","href":"https:\/\/api.w.org\/{rel}","templated":true}]}}